{"id":22,"date":"2018-06-27T14:23:29","date_gmt":"2018-06-27T12:23:29","guid":{"rendered":"http:\/\/localhost:8888\/wordpress496\/?page_id=22"},"modified":"2022-03-23T09:21:41","modified_gmt":"2022-03-23T08:21:41","slug":"unternehmen","status":"publish","type":"page","link":"https:\/\/www.gsp-ingenieure.de\/","title":{"rendered":"Unternehmen"},"content":{"rendered":"<div>\n<div><\/div>\n<\/div>\n<div>\n<h2 style=\"text-align: center;\"><span style=\"color: #ffffff;\">VORHANDENE WERTE BEWAHREN UND NEUE SCHAFFEN<\/span><\/h2>\n<p style=\"text-align: center;\"><span style=\"color: #ffffff;\">Dauerhafte und wandlungsf\u00e4hige L\u00f6sungen suchen. Optimale Konzepte funktional und wirtschaftlich umsetzen. Kreativit\u00e4t und Innovation verbunden mit Erfahrung sowie Kompetenz sind die Grundlagen unserer Arbeit.<\/span><\/p>\n<\/div>\n<p><img src=\"\/wp-content\/uploads\/2019\/01\/DSC_9215_1400_grau.jpg\" alt=\"\"><br \/>\n<img src=\"\/wp-content\/uploads\/2019\/01\/DSC_9259_m_grub_500px.jpg\" alt=\"\"><\/p>\n<div>\n<p class=\"p1\">Die Geb\u00e4udetechnik hat sich zu einem zentralen Aufgabenfeld im Bauwesen entwickelt. Moderne technische Standards, hohe funktionale Anforderungen und vor allem der nachhaltige Umgang mit Energie f\u00fchren zu komplexen Aufgabenstellungen und zu einer gro\u00dfen Verantwortung f\u00fcr die Planer. Dabei sind hoher Sachverstand \u00fcber die reine Anlagentechnik hinaus und die F\u00e4higkeit zur Zusammenarbeit mit anderen Disziplinen zwingend notwendige Grundlagen.<\/p>\n<p class=\"p1\">Seit 1985 arbeitet unser Unternehmen erfolgreich als Ingenieurb\u00fcro im Bereich der technischen Geb\u00e4udeausr\u00fcstung. Dabei ist es gelungen, uns immer wieder den ge\u00e4nderten Anforderungen in diesem wichtigen T\u00e4tigkeitsfeld zu stellen und fr\u00fchzeitig neue Wege zu gehen um unseren Kunden zukunftsorientierte und nachhaltige L\u00f6sungen zu erm\u00f6glichen. So entstand neben der klassischen Anlagentechnik, die selbstverst\u00e4ndlich die Grundlage aller Planungen darstellt, das neue Aufgabenfeld \u201e<b>Energieeffizientes Bauen und Einsatz erneuerbarer Energien\u201c.<\/b><\/p>\n<p class=\"p1\">Hier entwickeln wir auf der Grundlage echter Nachhaltigkeit individuelle Versorgungskonzepte f\u00fcr unterschiedlichste Anforderungen. Die umfassende Betrachtung aller Rahmenbedingungen unter Einbeziehung spezieller Standortfaktoren, die Bedarfsanalyse sowie die Konzeption innovativer Versorgungssysteme bis hin zum Aufbau einer gesicherten Versorgungskette sind die Kernpunkte dieser Arbeit. Die energetische Geb\u00e4udeanalyse und Energieeffizienzma\u00dfnahmen bei Bestandsgeb\u00e4uden erg\u00e4nzen diese T\u00e4tigkeiten.<\/p>\n<\/div>\n<p><!--more--><br \/>\n<!-- {\"name\":\"\",\"type\":\"layout\",\"children\":[{\"name\":\"Hero\",\"type\":\"section\",\"props\":{\"width\":\"\",\"padding\":\"none\",\"style\":\"primary\",\"media\":\"images\\\/home-header.jpg\",\"height_viewport\":true,\"header_overlay\":\"light\",\"image\":\"\",\"media_advanced\":true,\"image_size\":\"contain\",\"media_background\":\"#FFFFFF\",\"media_overlay\":null,\"header_transparent\":\"dark\",\"image_position\":\"bottom-center\",\"image_fixed\":false,\"media_blend_mode\":\"multiply\",\"overlap\":false,\"padding_remove_bottom\":true,\"image_effect\":\"parallax\",\"image_parallax\":-540,\"padding_remove_top\":false,\"image_parallax_bgy_start\":-60,\"image_parallax_bgy_end\":-300,\"vertical_align\":\"middle\",\"title_position\":\"top-left\",\"title_rotation\":\"left\",\"title_breakpoint\":\"xl\"},\"children\":[{\"name\":\"\",\"type\":\"row\",\"props\":{\"margin\":\"remove-vertical\",\"vertical_align\":false,\"match\":false,\"divider\":false,\"id\":\"full\"},\"children\":[{\"name\":\"\",\"type\":\"column\",\"props\":{\"image_position\":\"center-center\",\"image\":\"\",\"image_size\":\"cover\",\"media_overlay_gradient\":\"\",\"width_medium\":\"1-1\",\"position_sticky_breakpoint\":\"m\"},\"children\":[{\"name\":\"\",\"type\":\"text\",\"props\":{\"margin\":\"default\",\"column_breakpoint\":\"m\",\"content\":\"\\n\n\n<div>[smartslider3 slider=1]<\\\/div>\"}}]}]}]},{\"type\":\"section\",\"props\":{\"style\":\"default\",\"width\":\"default\",\"vertical_align\":\"middle\",\"title_position\":\"top-left\",\"title_rotation\":\"left\",\"title_breakpoint\":\"xl\",\"image_position\":\"center-center\",\"padding\":\"xsmall\",\"padding_remove_top\":true,\"padding_remove_bottom\":false},\"children\":[{\"type\":\"row\",\"children\":[{\"type\":\"column\",\"props\":{\"position_sticky_breakpoint\":\"m\",\"image_position\":\"center-center\",\"media_overlay_gradient\":\"\"},\"children\":[]}]}]},{\"name\":\"about product\",\"type\":\"section\",\"props\":{\"style\":\"primary\",\"width\":\"small\",\"image_position\":\"center-center\",\"padding\":\"small\",\"vertical_align\":\"middle\",\"title_position\":\"top-left\",\"title_rotation\":\"left\",\"title_breakpoint\":\"xl\",\"image\":\"wp-content\\\/uploads\\\/2019\\\/01\\\/AdobeStock_131033002_1200.jpg\",\"image_size\":\"cover\",\"media_background\":\"rgba(255, 255, 255, 0.01)\",\"media_blend_mode\":\"overlay\",\"overlap\":false,\"media_overlay\":\"rgba(189, 6, 59, 0.8)\"},\"children\":[{\"name\":\"\",\"type\":\"row\",\"props\":{\"layout\":\"1-2,1-4,1-4|1-1,1-2,1-2\",\"margin\":\"remove-vertical\",\"vertical_align\":false,\"match\":false,\"divider\":false,\"column_gap\":\"large\",\"row_gap\":\"large\"},\"children\":[{\"name\":\"\",\"type\":\"column\",\"props\":{\"image_position\":\"center-center\",\"media_overlay_gradient\":\"\",\"width_medium\":\"1-2\",\"width_small\":\"1-1\",\"position_sticky_breakpoint\":\"m\"},\"children\":[{\"type\":\"text\",\"props\":{\"margin\":\"default\",\"column_breakpoint\":\"m\",\"content\":\"\n\n<h2 style=\\\"text-align: center;\\\"><span style=\\\"color: #ffffff;\\\">VORHANDENE WERTE BEWAHREN UND NEUE SCHAFFEN<\\\/span><\\\/h2>\\n\n\n<p style=\\\"text-align: center;\\\"><span style=\\\"color: #ffffff;\\\">Dauerhafte und wandlungsf\\u00e4hige L\\u00f6sungen suchen. Optimale Konzepte funktional und wirtschaftlich umsetzen. Kreativit\\u00e4t und Innovation verbunden mit Erfahrung sowie Kompetenz sind die Grundlagen unserer Arbeit.<\\\/span><\\\/p>\"}}]},{\"name\":\"\",\"type\":\"column\",\"props\":{\"image_position\":\"center-center\",\"media_overlay_gradient\":\"\",\"width_medium\":\"1-4\",\"width_small\":\"1-2\",\"position_sticky_breakpoint\":\"m\"},\"children\":[{\"name\":\"\",\"type\":\"image\",\"props\":{\"margin\":\"default\",\"image\":\"wp-content\\\/uploads\\\/2019\\\/01\\\/DSC_9215_1400_grau.jpg\",\"image_svg_color\":\"emphasis\"}},{\"name\":\"\",\"type\":\"image\",\"props\":{\"margin\":\"default\",\"image\":\"wp-content\\\/uploads\\\/2019\\\/01\\\/DSC_9259_m_grub_500px.jpg\",\"image_svg_color\":\"emphasis\"}}]},{\"name\":\"\",\"type\":\"column\",\"props\":{\"image_position\":\"center-center\",\"media_overlay_gradient\":\"\",\"width_medium\":\"1-4\",\"width_small\":\"1-2\",\"position_sticky_breakpoint\":\"m\"}}]}]},{\"name\":\"gallery\",\"type\":\"section\",\"props\":{\"style\":\"default\",\"width\":\"default\",\"image_position\":\"center-center\",\"padding\":\"xsmall\",\"vertical_align\":\"middle\",\"title_position\":\"top-left\",\"title_rotation\":\"left\",\"title_breakpoint\":\"xl\",\"padding_remove_bottom\":true,\"padding_remove_top\":false},\"children\":[{\"name\":\"\",\"type\":\"row\",\"props\":{\"margin_remove_top\":true,\"margin_remove_bottom\":true,\"margin\":\"remove-vertical\"},\"children\":[{\"name\":\"\",\"type\":\"column\",\"props\":{\"image_position\":\"center-center\",\"media_overlay_gradient\":\"\",\"width_medium\":\"1-1\",\"position_sticky_breakpoint\":\"m\"},\"children\":[{\"name\":\"\",\"type\":\"text\",\"props\":{\"margin\":\"default\",\"column_breakpoint\":\"m\",\"content\":\"\n\n<p class=\\\"p1\\\">Die Geb\\u00e4udetechnik hat sich zu einem zentralen Aufgabenfeld im Bauwesen entwickelt. Moderne technische Standards, hohe funktionale Anforderungen und vor allem der nachhaltige Umgang mit Energie f\\u00fchren zu komplexen Aufgabenstellungen und zu einer gro\\u00dfen Verantwortung f\\u00fcr die Planer. Dabei sind hoher Sachverstand \\u00fcber die reine Anlagentechnik hinaus und die F\\u00e4higkeit zur Zusammenarbeit mit anderen Disziplinen zwingend notwendige Grundlagen.<\\\/p>\\n\n\n<p class=\\\"p1\\\">Seit 1985 arbeitet unser Unternehmen erfolgreich als Ingenieurb\\u00fcro im Bereich der technischen Geb\\u00e4udeausr\\u00fcstung. Dabei ist es gelungen, uns immer wieder den ge\\u00e4nderten Anforderungen in diesem wichtigen T\\u00e4tigkeitsfeld zu stellen und fr\\u00fchzeitig neue Wege zu gehen um unseren Kunden zukunftsorientierte und nachhaltige L\\u00f6sungen zu erm\\u00f6glichen. So entstand neben der klassischen Anlagentechnik, die selbstverst\\u00e4ndlich die Grundlage aller Planungen darstellt, das neue Aufgabenfeld \\u201e<b>Energieeffizientes Bauen und Einsatz erneuerbarer Energien\\u201c.<\\\/b><\\\/p>\\n\n\n<p class=\\\"p1\\\">Hier entwickeln wir auf der Grundlage echter Nachhaltigkeit individuelle Versorgungskonzepte f\\u00fcr unterschiedlichste Anforderungen. Die umfassende Betrachtung aller Rahmenbedingungen unter Einbeziehung spezieller Standortfaktoren, die Bedarfsanalyse sowie die Konzeption innovativer Versorgungssysteme bis hin zum Aufbau einer gesicherten Versorgungskette sind die Kernpunkte dieser Arbeit. Die energetische Geb\\u00e4udeanalyse und Energieeffizienzma\\u00dfnahmen bei Bestandsgeb\\u00e4uden erg\\u00e4nzen diese T\\u00e4tigkeiten.<\\\/p>\"}}]}]}]}],\"version\":\"2.7.16\"} --><\/p>\n","protected":false},"excerpt":{"rendered":"<p>VORHANDENE WERTE BEWAHREN UND NEUE SCHAFFEN Dauerhafte und wandlungsf\u00e4hige L\u00f6sungen suchen. Optimale Konzepte funktional und wirtschaftlich umsetzen. Kreativit\u00e4t und Innovation verbunden mit Erfahrung sowie Kompetenz sind die Grundlagen unserer Arbeit. Die Geb\u00e4udetechnik hat sich zu einem zentralen Aufgabenfeld im Bauwesen entwickelt. Moderne technische Standards, hohe funktionale Anforderungen und vor allem der nachhaltige Umgang mit Energie [&hellip;]<\/p>\n","protected":false},"author":1,"featured_media":0,"parent":0,"menu_order":0,"comment_status":"closed","ping_status":"closed","template":"","meta":[],"_links":{"self":[{"href":"https:\/\/www.gsp-ingenieure.de\/index.php?rest_route=\/wp\/v2\/pages\/22"}],"collection":[{"href":"https:\/\/www.gsp-ingenieure.de\/index.php?rest_route=\/wp\/v2\/pages"}],"about":[{"href":"https:\/\/www.gsp-ingenieure.de\/index.php?rest_route=\/wp\/v2\/types\/page"}],"author":[{"embeddable":true,"href":"https:\/\/www.gsp-ingenieure.de\/index.php?rest_route=\/wp\/v2\/users\/1"}],"replies":[{"embeddable":true,"href":"https:\/\/www.gsp-ingenieure.de\/index.php?rest_route=%2Fwp%2Fv2%2Fcomments&post=22"}],"version-history":[{"count":54,"href":"https:\/\/www.gsp-ingenieure.de\/index.php?rest_route=\/wp\/v2\/pages\/22\/revisions"}],"predecessor-version":[{"id":1148,"href":"https:\/\/www.gsp-ingenieure.de\/index.php?rest_route=\/wp\/v2\/pages\/22\/revisions\/1148"}],"wp:attachment":[{"href":"https:\/\/www.gsp-ingenieure.de\/index.php?rest_route=%2Fwp%2Fv2%2Fmedia&parent=22"}],"curies":[{"name":"wp","href":"https:\/\/api.w.org\/{rel}","templated":true}]}}